{"id":531,"date":"2024-07-11T23:41:20","date_gmt":"2024-07-11T23:41:20","guid":{"rendered":"https:\/\/basetrama.com.br\/?page_id=531"},"modified":"2024-11-15T17:38:36","modified_gmt":"2024-11-15T17:38:36","slug":"quem-somos","status":"publish","type":"page","link":"https:\/\/basetrama.com.br\/en\/quem-somos\/","title":{"rendered":"Get to know us"},"content":{"rendered":"<div data-elementor-type=\"wp-page\" data-elementor-id=\"531\" class=\"elementor elementor-531\">\n\t\t\t\t<div class=\"elementor-element elementor-element-d075824 e-flex e-con-boxed wpr-particle-no wpr-jarallax-no wpr-parallax-no wpr-sticky-section-no e-con e-parent\" data-id=\"d075824\" data-element_type=\"container\">\n\t\t\t\t\t<div class=\"e-con-inner\">\n\t\t\t\t<div class=\"elementor-element elementor-element-b62f289 elementor-widget elementor-widget-spacer\" data-id=\"b62f289\" data-element_type=\"widget\" data-widget_type=\"spacer.default\">\n\t\t\t\t<div class=\"elementor-widget-container\">\n\t\t\t\t\t<div class=\"elementor-spacer\">\n\t\t\t<div class=\"elementor-spacer-inner\"><\/div>\n\t\t<\/div>\n\t\t\t\t<\/div>\n\t\t\t\t<\/div>\n\t\t<div class=\"elementor-element elementor-element-f410129 e-con-full e-flex wpr-particle-no wpr-jarallax-no wpr-parallax-no wpr-sticky-section-no e-con e-child\" data-id=\"f410129\" data-element_type=\"container\">\n\t\t\t\t<div class=\"elementor-element elementor-element-98eec8f elementor-widget elementor-widget-heading\" data-id=\"98eec8f\" data-element_type=\"widget\" data-widget_type=\"heading.default\">\n\t\t\t\t<div class=\"elementor-widget-container\">\n\t\t\t<h2 class=\"elementor-heading-title elementor-size-default\">Get to know us<\/h2>\t\t<\/div>\n\t\t\t\t<\/div>\n\t\t\t\t<\/div>\n\t\t\t\t<div class=\"elementor-element elementor-element-ec2eedb elementor-widget elementor-widget-spacer\" data-id=\"ec2eedb\" data-element_type=\"widget\" data-widget_type=\"spacer.default\">\n\t\t\t\t<div class=\"elementor-widget-container\">\n\t\t\t\t\t<div class=\"elementor-spacer\">\n\t\t\t<div class=\"elementor-spacer-inner\"><\/div>\n\t\t<\/div>\n\t\t\t\t<\/div>\n\t\t\t\t<\/div>\n\t\t\t\t<div class=\"elementor-element elementor-element-5b8c61f elementor-widget elementor-widget-text-editor\" data-id=\"5b8c61f\" data-element_type=\"widget\" data-widget_type=\"text-editor.default\">\n\t\t\t\t<div class=\"elementor-widget-container\">\n\t\t\t\t\t\t\t<p><b>Project Coordinator\u00a0<\/b><\/p><p><span style=\"font-weight: 400;\">Juliana Ferreira da Silva \u2013 Docente\/UCB (<a href=\"http:\/\/lattes.cnpq.br\/3544816648806474\" target=\"_blank\" rel=\"noopener\">http:\/\/lattes.cnpq.br\/3544816648806474<\/a><\/span>)<\/p><p><b><br \/>Researchers<\/b><\/p><p><span style=\"font-weight: 400;\">Beatriz Brand\u00e3o de Ara\u00fajo Novaes:\u00a0 <a href=\"http:\/\/lattes.cnpq.br\/0642139199641104\">http:\/\/lattes.cnpq.br\/0642139199641104<\/a><\/span><\/p><p>Francisco Teixeira Portugal:\u00a0 <a href=\"http:\/\/lattes.cnpq.br\/9157234781847664\">http:\/\/lattes.cnpq.br\/9157234781847664<\/a><\/p><p><span style=\"font-weight: 400;\">Gustavo Francisco dos Santos Neto (<\/span><a href=\"http:\/\/lattes.cnpq.br\/3677410324389540\"><span style=\"font-weight: 400;\">http:\/\/lattes.cnpq.br\/3677410324389540<\/span><\/a><span style=\"font-weight: 400;\">)<\/span><\/p><p><span style=\"font-weight: 400;\">J\u00e9ssica Pereira da Costa (<\/span><a href=\"http:\/\/lattes.cnpq.br\/1720012852791740\"><span style=\"font-weight: 400;\">http:\/\/lattes.cnpq.br\/1720012852791740<\/span><\/a><span style=\"font-weight: 400;\">)<\/span><\/p><p><span style=\"font-weight: 400;\">Let\u00edcia Dias Albuquerque (<\/span><a href=\"http:\/\/lattes.cnpq.br\/8228645463783277\"><span style=\"font-weight: 400;\">http:\/\/lattes.cnpq.br\/8228645463783277<\/span><\/a><span style=\"font-weight: 400;\">)<\/span><\/p><p><span style=\"font-weight: 400;\">Luender Rytchell Martins Silva (<\/span><a href=\"http:\/\/lattes.cnpq.br\/1056084238281178\" target=\"_blank\" rel=\"noopener\"><span style=\"font-weight: 400;\">http:\/\/lattes.cnpq.br\/1056084238281178<\/span><\/a><span style=\"font-weight: 400;\">)\u00a0<\/span><\/p><p><span style=\"font-weight: 400;\">Milena<\/span> <span style=\"font-weight: 400;\">Almeida da Costa de Oliveira (<\/span><a href=\"http:\/\/lattes.cnpq.br\/6895729840708946\"><span style=\"font-weight: 400;\">http:\/\/lattes.cnpq.br\/6895729840708946<\/span><\/a><span style=\"font-weight: 400;\">)<\/span><\/p><p><span style=\"font-weight: 400;\">R\u00f4mulo Ballest\u00ea Marques dos Santos: <\/span><a href=\"http:\/\/lattes.cnpq.br\/8365382554774980\"><span style=\"font-weight: 400;\">http:\/\/lattes.cnpq.br\/8365382554774980<\/span><\/a><\/p><p><span style=\"font-weight: 400;\">Vit\u00f3ria Ruana do Vale Silva (<\/span><a href=\"http:\/\/lattes.cnpq.br\/0107761526761890\"><span style=\"font-weight: 400;\">http:\/\/lattes.cnpq.br\/0107761526761890<\/span><\/a><span style=\"font-weight: 400;\">)<\/span><\/p><p><br \/><strong>Estudantes em Inicia\u00e7\u00e3o Cient\u00edfica<\/strong><\/p><p><span style=\"font-weight: 400;\">Ana Carolina Assis N\u00f3brega: <\/span><a href=\"http:\/\/lattes.cnpq.br\/0484488740184989\"><span style=\"font-weight: 400;\">http:\/\/lattes.cnpq.br\/0484488740184989<\/span><\/a><\/p><p><span style=\"font-weight: 400;\">Arthur Alves de Oliveira:\u00a0 <\/span><a href=\"http:\/\/lattes.cnpq.br\/2583257162043044\"><span style=\"font-weight: 400;\">http:\/\/lattes.cnpq.br\/2583257162043044<\/span><\/a><\/p><p><span style=\"font-weight: 400;\">Let\u00edcia Gabrielly Corr\u00eaa de Andrade:\u00a0 <\/span><a href=\"http:\/\/lattes.cnpq.br\/9210460431433958\"><span style=\"font-weight: 400;\">http:\/\/lattes.cnpq.br\/9210460431433958<\/span><\/a><span style=\"font-weight: 400;\">\u00a0<br \/><\/span><\/p><p><span style=\"font-weight: 400;\">Milena Melo de Oliveira Mendon\u00e7a: <\/span><a href=\"http:\/\/lattes.cnpq.br\/4958670966066608\"><span style=\"font-weight: 400;\">http:\/\/lattes.cnpq.br\/4958670966066608<\/span><\/a><\/p><p><br \/><strong>Demais Colaboradores<\/strong><\/p><p><span style=\"font-weight: 400;\">Simone C\u00f4rtes Coelho \u2013 Docente\/UCB (<\/span><a href=\"http:\/\/lattes.cnpq.br\/9751772468935186\"><span style=\"font-weight: 400;\">http:\/\/lattes.cnpq.br\/9751772468935186<\/span><\/a><span style=\"font-weight: 400;\">)<br \/><br \/>Ang\u00e9lica Maciel Cardoso: <a href=\"http:\/\/lattes.cnpq.br\/3419572287122072\">http:\/\/lattes.cnpq.br\/3419572287122072<\/a> <\/span><\/p><p><br \/><strong>Desenvolvedor de Tecnologia da Informa\u00e7\u00e3o\u00a0<\/strong><\/p><p><span style=\"font-weight: 400;\">F\u00e1bio Jeronimo da Costa (<a href=\"http:\/\/lattes.cnpq.br\/7747506235061845\">http:\/\/lattes.cnpq.br\/7747506235061845<\/a><\/span><span style=\"font-weight: 400;\">)<\/span><\/p>\t\t\t\t\t\t<\/div>\n\t\t\t\t<\/div>\n\t\t\t\t<div class=\"elementor-element elementor-element-6fda643 elementor-widget elementor-widget-spacer\" data-id=\"6fda643\" data-element_type=\"widget\" data-widget_type=\"spacer.default\">\n\t\t\t\t<div class=\"elementor-widget-container\">\n\t\t\t\t\t<div class=\"elementor-spacer\">\n\t\t\t<div class=\"elementor-spacer-inner\"><\/div>\n\t\t<\/div>\n\t\t\t\t<\/div>\n\t\t\t\t<\/div>\n\t\t\t\t\t<\/div>\n\t\t\t\t<\/div>\n\t\t\t\t<\/div>","protected":false},"excerpt":{"rendered":"<p>Quem somos Coordenadora\u00a0 Juliana Ferreira da Silva \u2013 Docente\/UCB (http:\/\/lattes.cnpq.br\/3544816648806474) Pesquisadores Beatriz Brand\u00e3o de Ara\u00fajo Novaes:\u00a0 http:\/\/lattes.cnpq.br\/0642139199641104 Francisco Teixeira Portugal:\u00a0 http:\/\/lattes.cnpq.br\/9157234781847664 Gustavo Francisco dos Santos Neto (http:\/\/lattes.cnpq.br\/3677410324389540) J\u00e9ssica Pereira da Costa (http:\/\/lattes.cnpq.br\/1720012852791740) Let\u00edcia Dias Albuquerque (http:\/\/lattes.cnpq.br\/8228645463783277) Luender Rytchell Martins Silva (http:\/\/lattes.cnpq.br\/1056084238281178)\u00a0 Milena Almeida da Costa de Oliveira (http:\/\/lattes.cnpq.br\/6895729840708946) R\u00f4mulo Ballest\u00ea Marques dos Santos: http:\/\/lattes.cnpq.br\/8365382554774980 Vit\u00f3ria Ruana do Vale Silva (http:\/\/lattes.cnpq.br\/0107761526761890) Estudantes em Inicia\u00e7\u00e3o Cient\u00edfica Ana Carolina Assis N\u00f3brega: http:\/\/lattes.cnpq.br\/0484488740184989 Arthur Alves de Oliveira:\u00a0 http:\/\/lattes.cnpq.br\/2583257162043044 Let\u00edcia Gabrielly Corr\u00eaa de Andrade:\u00a0 http:\/\/lattes.cnpq.br\/9210460431433958\u00a0 Milena Melo de Oliveira Mendon\u00e7a: http:\/\/lattes.cnpq.br\/4958670966066608 Demais Colaboradores Simone C\u00f4rtes Coelho \u2013 Docente\/UCB (http:\/\/lattes.cnpq.br\/9751772468935186) Ang\u00e9lica Maciel Cardoso: http:\/\/lattes.cnpq.br\/3419572287122072 Desenvolvedor de Tecnologia da Informa\u00e7\u00e3o\u00a0 F\u00e1bio Jeronimo da Costa (http:\/\/lattes.cnpq.br\/7747506235061845)<\/p>","protected":false},"author":2,"featured_media":0,"parent":0,"menu_order":0,"comment_status":"closed","ping_status":"closed","template":"","meta":{"site-sidebar-layout":"no-sidebar","site-content-layout":"","ast-site-content-layout":"full-width-container","site-content-style":"default","site-sidebar-style":"default","ast-global-header-display":"","ast-banner-title-visibility":"","ast-main-header-display":"","ast-hfb-above-header-display":"","ast-hfb-below-header-display":"","ast-hfb-mobile-header-display":"","site-post-title":"disabled","ast-breadcrumbs-content":"","ast-featured-img":"disabled","footer-sml-layout":"","theme-transparent-header-meta":"","adv-header-id-meta":"","stick-header-meta":"","header-above-stick-meta":"","header-main-stick-meta":"","header-below-stick-meta":"","astra-migrate-meta-layouts":"default","ast-page-background-enabled":"default","ast-page-background-meta":{"desktop":{"background-color":"var(--ast-global-color-4)","background-image":"","background-repeat":"repeat","background-position":"center center","background-size":"auto","background-attachment":"scroll","background-type":"","background-media":"","overlay-type":"","overlay-color":"","overlay-opacity":"","overlay-gradient":""},"tablet":{"background-color":"","background-image":"","background-repeat":"repeat","background-position":"center center","background-size":"auto","background-attachment":"scroll","background-type":"","background-media":"","overlay-type":"","overlay-color":"","overlay-opacity":"","overlay-gradient":""},"mobile":{"background-color":"","background-image":"","background-repeat":"repeat","background-position":"center center","background-size":"auto","background-attachment":"scroll","background-type":"","background-media":"","overlay-type":"","overlay-color":"","overlay-opacity":"","overlay-gradient":""}},"ast-content-background-meta":{"desktop":{"background-color":"var(--ast-global-color-5)","background-image":"","background-repeat":"repeat","background-position":"center center","background-size":"auto","background-attachment":"scroll","background-type":"","background-media":"","overlay-type":"","overlay-color":"","overlay-opacity":"","overlay-gradient":""},"tablet":{"background-color":"var(--ast-global-color-5)","background-image":"","background-repeat":"repeat","background-position":"center center","background-size":"auto","background-attachment":"scroll","background-type":"","background-media":"","overlay-type":"","overlay-color":"","overlay-opacity":"","overlay-gradient":""},"mobile":{"background-color":"var(--ast-global-color-5)","background-image":"","background-repeat":"repeat","background-position":"center center","background-size":"auto","background-attachment":"scroll","background-type":"","background-media":"","overlay-type":"","overlay-color":"","overlay-opacity":"","overlay-gradient":""}},"footnotes":""},"class_list":["post-531","page","type-page","status-publish","hentry"],"_links":{"self":[{"href":"https:\/\/basetrama.com.br\/en\/wp-json\/wp\/v2\/pages\/531"}],"collection":[{"href":"https:\/\/basetrama.com.br\/en\/wp-json\/wp\/v2\/pages"}],"about":[{"href":"https:\/\/basetrama.com.br\/en\/wp-json\/wp\/v2\/types\/page"}],"author":[{"embeddable":true,"href":"https:\/\/basetrama.com.br\/en\/wp-json\/wp\/v2\/users\/2"}],"replies":[{"embeddable":true,"href":"https:\/\/basetrama.com.br\/en\/wp-json\/wp\/v2\/comments?post=531"}],"version-history":[{"count":88,"href":"https:\/\/basetrama.com.br\/en\/wp-json\/wp\/v2\/pages\/531\/revisions"}],"predecessor-version":[{"id":1956,"href":"https:\/\/basetrama.com.br\/en\/wp-json\/wp\/v2\/pages\/531\/revisions\/1956"}],"wp:attachment":[{"href":"https:\/\/basetrama.com.br\/en\/wp-json\/wp\/v2\/media?parent=531"}],"curies":[{"name":"wp","href":"https:\/\/api.w.org\/{rel}","templated":true}]}}