{"id":569,"date":"2024-07-11T23:49:41","date_gmt":"2024-07-11T23:49:41","guid":{"rendered":"https:\/\/basetrama.com.br\/?page_id=569"},"modified":"2024-07-12T15:22:39","modified_gmt":"2024-07-12T15:22:39","slug":"politica-de-cookies","status":"publish","type":"page","link":"https:\/\/basetrama.com.br\/en\/politica-de-cookies\/","title":{"rendered":"Cookie Policy"},"content":{"rendered":"<div data-elementor-type=\"wp-page\" data-elementor-id=\"569\" class=\"elementor elementor-569\">\n\t\t\t\t<div class=\"elementor-element elementor-element-16641b1 e-flex e-con-boxed wpr-particle-no wpr-jarallax-no wpr-parallax-no wpr-sticky-section-no e-con e-parent\" data-id=\"16641b1\" data-element_type=\"container\">\n\t\t\t\t\t<div class=\"e-con-inner\">\n\t\t\t\t<div class=\"elementor-element elementor-element-5032678 elementor-widget elementor-widget-spacer\" data-id=\"5032678\" data-element_type=\"widget\" data-widget_type=\"spacer.default\">\n\t\t\t\t<div class=\"elementor-widget-container\">\n\t\t\t\t\t<div class=\"elementor-spacer\">\n\t\t\t<div class=\"elementor-spacer-inner\"><\/div>\n\t\t<\/div>\n\t\t\t\t<\/div>\n\t\t\t\t<\/div>\n\t\t\t\t<div class=\"elementor-element elementor-element-5c5e417 elementor-widget elementor-widget-heading\" data-id=\"5c5e417\" data-element_type=\"widget\" data-widget_type=\"heading.default\">\n\t\t\t\t<div class=\"elementor-widget-container\">\n\t\t\t<h2 class=\"elementor-heading-title elementor-size-default\">Cookie Policy<\/h2>\t\t<\/div>\n\t\t\t\t<\/div>\n\t\t\t\t<div class=\"elementor-element elementor-element-9f3cb85 elementor-widget elementor-widget-spacer\" data-id=\"9f3cb85\" data-element_type=\"widget\" data-widget_type=\"spacer.default\">\n\t\t\t\t<div class=\"elementor-widget-container\">\n\t\t\t\t\t<div class=\"elementor-spacer\">\n\t\t\t<div class=\"elementor-spacer-inner\"><\/div>\n\t\t<\/div>\n\t\t\t\t<\/div>\n\t\t\t\t<\/div>\n\t\t\t\t<div class=\"elementor-element elementor-element-a0a6f8b elementor-widget elementor-widget-text-editor\" data-id=\"a0a6f8b\" data-element_type=\"widget\" data-widget_type=\"text-editor.default\">\n\t\t\t\t<div class=\"elementor-widget-container\">\n\t\t\t\t\t\t\t<div class=\"elementor-element elementor-element-c47acd3 elementor-widget elementor-widget-text-editor\" data-id=\"c47acd3\" data-element_type=\"widget\" data-widget_type=\"text-editor.default\"><div class=\"elementor-widget-container\"><p>Este documento possui a finalidade de estabelecer alguns par\u00e2metros para tratamento de dados que incluem, n\u00e3o taxativamente, a recep\u00e7\u00e3o, transmiss\u00e3o, compartilhamento, armazenamento, acesso, comunica\u00e7\u00e3o, modifica\u00e7\u00e3o ou transfer\u00eancia das informa\u00e7\u00f5es coletadas de nossos USU\u00c1RIOS, al\u00e9m de registrar toda e qualquer atividade realizada dentro da plataforma, de acordo com a legisla\u00e7\u00e3o aplic\u00e1vel.<\/p><p>O USU\u00c1RIO confere sua livre e expressa concord\u00e2ncia perante este instrumento ao aceitar essa POL\u00cdTICA DE COOKIES e a POL\u00cdTICA DE PRIVACIDADE. Este documento foi criado pelo advogado Diego Castro\u00a0<a href=\"https:\/\/diegocastro.adv.br\/\" target=\"_blank\" rel=\"noopener\">(!)<\/a>\u00a0\u2013 Inscrito na OAB\/PI 15.613 e modificado com permiss\u00e3o para este site.<\/p><\/div><\/div><div class=\"elementor-element elementor-element-57e424e elementor-widget elementor-widget-text-editor\" data-id=\"57e424e\" data-element_type=\"widget\" data-widget_type=\"text-editor.default\"><div class=\"elementor-widget-container\"><p><strong>1. Para melhorar o desempenho e sua experi\u00eancia em nosso site, utilizamos cookies, devendo ser consideradas as seguintes defini\u00e7\u00f5es acerca desta Pol\u00edtica:<\/strong><\/p><p>COOKIES \u2013 S\u00e3o arquivos de texto criados pelo site e armazenados no dispositivo que acessa a plataforma. (notebooks, tablets, smartphones, etc. ). Quando a condi\u00e7\u00e3o de \u201cpermiss\u00e3o\u201d estiver habilitada, o armazenamento de cookies ocorrer\u00e1 de forma autom\u00e1tica. Estes pequenos pacotes de dados visam identificar e coletar as informa\u00e7\u00f5es do USU\u00c1RIO para aprimorar os servi\u00e7os do nosso site.<\/p><p>DADOS: Conjunto de informa\u00e7\u00f5es an\u00f4nimas (ou dados anonimizados) e pessoais.<\/p><p>DADOS ANONIMIZADOS: Informa\u00e7\u00f5es isoladas que n\u00e3o permite a identifica\u00e7\u00e3o do USU\u00c1RIO. Incluem a coleta de g\u00eanero, localiza\u00e7\u00e3o, idade, etc.<\/p><p>DADOS PESSOAIS: Informa\u00e7\u00f5es da pessoa natural identificada por meio do sistema. Incluem nome, endere\u00e7o, telefone, redes sociais, etc.<\/p><p>HIPERLINKS: Um link clic\u00e1vel que pode aparecer no site ou estar disposto em algum conte\u00fado, que direciona o USU\u00c1RIO para outra p\u00e1gina na plataforma ou site externo, seja parceiro ou n\u00e3o.<\/p><p>NAVEGA\u00c7\u00c3O: Ato de interagir, pesquisar, adquirir ou consumir algum material ou conte\u00fado em nossa plataforma, site ou aplicativo.<\/p><p>USU\u00c1RIO: Visitantes do site que acessem independente do meio a nossa plataforma, site ou aplicativo. Dever\u00e1, necessariamente, ter capacidade legal para aceitar os termos e condi\u00e7\u00f5es da presente Pol\u00edtica de Cookies e demais documentos legais da plataforma.<\/p><p>Havendo d\u00favidas acerca de qualquer termo ou palavra empregada nesta Pol\u00edtica de Cookies, o VISITANTE\/ USU\u00c1RIO poder\u00e1 entrar em contato com a plataforma atrav\u00e9s dos nossos canais de comunica\u00e7\u00e3o.<br \/><br \/><strong style=\"font-size: 16px;\">2. Coleta de dados<\/strong><\/p><\/div><\/div><div class=\"elementor-element elementor-element-a1ef4b3 elementor-widget elementor-widget-text-editor\" data-id=\"a1ef4b3\" data-element_type=\"widget\" data-widget_type=\"text-editor.default\"><div class=\"elementor-widget-container\"><p>2.1 \u2013 A coleta de informa\u00e7\u00f5es e dados de nossos USU\u00c1RIOS ocorre na medida em que ele nos fornece, por meio de acesso e uso no site, clics em hiperlinks, intera\u00e7\u00e3o nos aplicativos e servi\u00e7os do site, suas prefer\u00eancias e refer\u00eancias.<\/p><p>2.2 \u2013 Os dados ser\u00e3o coletados: quando o USU\u00c1RIO inserir ou submeter voluntariamente suas informa\u00e7\u00f5es na nossa plataforma ou acessar algum servi\u00e7o oferecido pelo site, tamb\u00e9m poder\u00e1 ocorrer por meio da intera\u00e7\u00e3o e navega\u00e7\u00e3o com o conte\u00fado exposto no website; quando o USU\u00c1RIO inserir ou submeter voluntariamente dados de terceiros no nosso site, uma vez declarada a autoriza\u00e7\u00e3o da utiliza\u00e7\u00e3o desses dados perante o site; quando n\u00e3o necessariamente utilizar-se-\u00e1 a a\u00e7\u00e3o do USU\u00c1RIO, uma vez que a automatiza\u00e7\u00e3o do sistema se responsabiliza pela coleta de dados dispon\u00edveis por meio dos Cookies; por meio de parceiros que tenham sido autorizados pelos nossos USU\u00c1RIOS a compartilharem seus dados conosco.<\/p><p>2.3 \u2013 As informa\u00e7\u00f5es coletadas podem incluir, n\u00e3o se limitando, os seguintes dados: nome; g\u00eanero; endere\u00e7o (por meio da geolocaliza\u00e7\u00e3o); endere\u00e7o de IP; endere\u00e7o de e-mail; dados banc\u00e1rios (cart\u00f5es de cr\u00e9dito, por exemplo.); n\u00fameros de documentos (CPF, Carteira de Identidade, etc.) data de nascimento; informa\u00e7\u00f5es de pagamento; agenda de contatos; dados biom\u00e9tricos; links, hiperlinks e servi\u00e7os clicados, etc.<\/p><p>2.4 \u2013 Os demais dados que podem ser objeto de coleta est\u00e3o dispostos, tamb\u00e9m, na Pol\u00edtica de Privacidade.<\/p><p>2.5 \u2013 Os cookies utilizados pelo nosso site e aplica\u00e7\u00f5es est\u00e3o condicionados \u00e0 validade de sua coleta:<\/p><p>Cookies de sess\u00e3o: permanece com o site at\u00e9 o mesmo ser fechado. As informa\u00e7\u00f5es coletadas permitem a identifica\u00e7\u00e3o de problemas e visam o fornecer melhores experi\u00eancias aos USU\u00c1RIOS. Cookies permanentes: mesmo ap\u00f3s o fechamento da plataforma, esses cookies ainda ficar\u00e3o armazenados na mem\u00f3ria do navegador de internet do dispositivo que voc\u00ea est\u00e1 acessando. S\u00e3o utilizados cada vez que o utilizador visita o website para orientar a navega\u00e7\u00e3o de acordo com as prefer\u00eancias pessoais, que s\u00e3o recolhidas atrav\u00e9s destes cookies.<\/p><p>2.6 \u2013 Os cookies utilizado podem ser tanto de titularidade pr\u00f3pria, possuindo, a plataforma, total controle sobre os cookies; ou de titularidade de terceiros, inclu\u00eddos nos dispositivos dos USU\u00c1RIOS por meio dos sites, plataformas, hiperlinks, servi\u00e7os e fun\u00e7\u00f5es que possu\u00edmos parceria.<\/p><\/div><\/div><div class=\"elementor-element elementor-element-58b67ba elementor-widget elementor-widget-text-editor\" data-id=\"58b67ba\" data-element_type=\"widget\" data-widget_type=\"text-editor.default\"><div class=\"elementor-widget-container\"><p><strong>3. Finalidade da coleta de Cookies:<\/strong><\/p><p>3.1 \u2013 Nossos cookies possuem diferentes fun\u00e7\u00f5es e finalidades, a seguir listamos os tipos que podem ser utilizados no nosso site.<\/p><p>a) cookies essenciais: necess\u00e1rios para que a plataforma funcione corretamente e forne\u00e7a, perfeitamente, os servi\u00e7os que est\u00e3o dispon\u00edveis aos nossos USU\u00c1RIOS. Sendo que, sob pena do mau funcionamento da plataforma, o website n\u00e3o ser\u00e1 capaz de prestar, com efici\u00eancia, todas as ferramentas ou recursos a ele associado.<\/p><p>b) cookies de performance: respons\u00e1vel por coletar informa\u00e7\u00f5es an\u00f4nimas sobre como os USU\u00c1RIOS usam e interagem com a plataforma e com as ferramentas fornecidas.<\/p><p>c) cookies de funcionalidade: associados \u00e0 mem\u00f3ria dos dados fornecidos, estes cookies permitem que a plataforma lembre das eventuais escolhas feitas pelo USU\u00c1RIO, o direcionando \u00e0s fun\u00e7\u00f5es que o mesmo pode vir a optar. \u00c9 respons\u00e1vel por proporcionar melhores experi\u00eancias e garantir praticidade ao USU\u00c1RIO. Essas informa\u00e7\u00f5es tamb\u00e9m podem estar associadas aos dados anonimizados, que n\u00e3o ir\u00e3o rastrear a atividade do USU\u00c1RIO fora do espa\u00e7o da plataforma.<\/p><p>d) cookies anal\u00edticos: utilizamos estes cookies com a funcionalidade de monitorar e analisar com nossos USU\u00c1RIOS usam as ferramentas e as funcionalidades da plataforma. Nos permitindo verificar eventuais falhas no site e proporcionar praticidade e customiza\u00e7\u00e3o para os USU\u00c1RIOS. Al\u00e9m disso, baseados nesses cookies, podemos destacar os principais servi\u00e7os ou artigos que pensamos ser de maior interesse de nossos USU\u00c1RIOS.<\/p><p>e) cookies de publicidade: semelhante \u00e0 coleta anterior, esses cookies visam direcionar a publicidade da plataforma em fun\u00e7\u00e3o das escolhas e das prefer\u00eancias de nossos USU\u00c1RIOS, verificando o n\u00famero de visitas, n\u00famero de intera\u00e7\u00e3o e qualidade desta. Estes cookies ajudam a plataforma ____ [mencionar o nome da plataforma\/ site] a dimensionar a efic\u00e1cia de sua publicidade.<\/p><p>f) cookies de seguran\u00e7a: evitando que os dados de nossos USU\u00c1RIOS estejam vulner\u00e1veis a ataques maliciosos de terceiros, estes cookies armazenam as informa\u00e7\u00f5es de modo criptografado.<\/p><p>g) cookies sociais: estabelecidos pelas plataformas de redes sociais e de comunica\u00e7\u00e3o, estes cookies permitem o compartilhamento do conte\u00fado acessado pelo USU\u00c1RIO \u00e0 nossa plataforma. A coleta fornecida por terceiros tem a capacidade de rastrear a atividade do USU\u00c1RIO fora de sua linha de servi\u00e7os, compartilhando com nossa plataforma, as suas prefer\u00eancias.<\/p><\/div><\/div><div class=\"elementor-element elementor-element-c84e64a elementor-widget elementor-widget-text-editor\" data-id=\"c84e64a\" data-element_type=\"widget\" data-widget_type=\"text-editor.default\"><div class=\"elementor-widget-container\"><p><strong>4. Da autoriza\u00e7\u00e3o<\/strong><\/p><p>4.1 \u2013 Depois de autorizada a utiliza\u00e7\u00e3o de cookies, o USU\u00c1RIO tem a seu dispor a op\u00e7\u00e3o de desativ\u00e1-los assim que tiver interesse, podendo optar, ainda, inativar parte ou a totalidades dos nossos cookies.<\/p><p>4.2 \u2013 A princ\u00edpio, todos os dispositivos permitem que o utilizador aceite, recuse, apague ou administre cookies, atrav\u00e9s das fun\u00e7\u00f5es do pr\u00f3prio programa do respectivo navegador. Podendo ser configurados, em geral, no menu \u201cop\u00e7\u00f5es\u201d ou \u201cprefer\u00eancias\u201d, dependendo do seu dispositivo.<\/p><p>4.3 \u2013 Lembramos que a fun\u00e7\u00e3o de desativar cookies n\u00e3o nos permite oferecer aos nossos USU\u00c1RIOS a excelente presta\u00e7\u00e3o de servi\u00e7o que objetivamos, j\u00e1 que partes de nossa plataforma podem apresentar instabilidades e n\u00e3o funcionar corretamente.<\/p><\/div><\/div><div class=\"elementor-element elementor-element-19db093 elementor-widget elementor-widget-text-editor\" data-id=\"19db093\" data-element_type=\"widget\" data-widget_type=\"text-editor.default\"><div class=\"elementor-widget-container\"><p><strong>5. Da legitima\u00e7\u00e3o do tratamento dos cookies<\/strong><\/p><p>5.1 \u2013 Por consentimento do interessado, a Pol\u00edtica de Cookies se aplicar\u00e1 aos dispositivos que autorizarem o acesso aos dados anonimizados e pessoais de nossos USU\u00c1RIOS.<\/p><p><strong>6. Da comunica\u00e7\u00e3o dos dados<\/strong><\/p><p>6.1 \u2013 Em via de regra, n\u00e3o se comunicar\u00e3o os dados a terceiros, exceto em caso de cookies de propriedade de outros sites, por obriga\u00e7\u00e3o legal, ou por hiperlinks parceiros \u00e0 nossa plataforma.<\/p><p><strong>7. Direitos do USU\u00c1RIO<\/strong><\/p><p>7.1 \u2013 Assistem ao USU\u00c1RIO alguns direitos perante esta Pol\u00edtica de Cookies, desde que o USU\u00c1RIO tenha capacidade de interagir com o sistema da plataforma.<\/p><p>1. retirada de consentimento desta Pol\u00edtica;<br \/>2. acesso, controle, retifica\u00e7\u00e3o, limita\u00e7\u00e3o e oposi\u00e7\u00e3o ao tratamento de seus dados;<br \/>3. contestar a utiliza\u00e7\u00e3o de seus dados junto aos administradores da plataforma, entrando em contato pela aba de contato.<\/p><p>Diante dos termos apresentados, o USU\u00c1RIO d\u00e1 o seu consentimento pr\u00e9vio, salvo indica\u00e7\u00e3o ao contr\u00e1rio, ao uso e utiliza\u00e7\u00e3o de \u201ccookies\u201d, perante a utiliza\u00e7\u00e3o do nosso site.<\/p><p><strong>Esta Pol\u00edtica de Cookies \u00e9 valida a partir de 01 de Janeiro de 2024.<\/strong><\/p><\/div><\/div><div class=\"elementor-element elementor-element-45fc554 elementor-widget elementor-widget-spacer\" data-id=\"45fc554\" data-element_type=\"widget\" data-widget_type=\"spacer.default\"><div class=\"elementor-widget-container\"><div class=\"elementor-spacer\">\u00a0<\/div><\/div><\/div>\t\t\t\t\t\t<\/div>\n\t\t\t\t<\/div>\n\t\t\t\t<div class=\"elementor-element elementor-element-d511778 elementor-widget elementor-widget-spacer\" data-id=\"d511778\" data-element_type=\"widget\" data-widget_type=\"spacer.default\">\n\t\t\t\t<div class=\"elementor-widget-container\">\n\t\t\t\t\t<div class=\"elementor-spacer\">\n\t\t\t<div class=\"elementor-spacer-inner\"><\/div>\n\t\t<\/div>\n\t\t\t\t<\/div>\n\t\t\t\t<\/div>\n\t\t\t\t\t<\/div>\n\t\t\t\t<\/div>\n\t\t\t\t<\/div>","protected":false},"excerpt":{"rendered":"<p>Pol\u00edtica de Cookies Este documento possui a finalidade de estabelecer alguns par\u00e2metros para tratamento de dados que incluem, n\u00e3o taxativamente, a recep\u00e7\u00e3o, transmiss\u00e3o, compartilhamento, armazenamento, acesso, comunica\u00e7\u00e3o, modifica\u00e7\u00e3o ou transfer\u00eancia das informa\u00e7\u00f5es coletadas de nossos USU\u00c1RIOS, al\u00e9m de registrar toda e qualquer atividade realizada dentro da plataforma, de acordo com a legisla\u00e7\u00e3o aplic\u00e1vel. O USU\u00c1RIO confere sua livre e expressa concord\u00e2ncia perante este instrumento ao aceitar essa POL\u00cdTICA DE COOKIES e a POL\u00cdTICA DE PRIVACIDADE. Este documento foi criado pelo advogado Diego Castro\u00a0(!)\u00a0\u2013 Inscrito na OAB\/PI 15.613 e modificado com permiss\u00e3o para este site. 1. Para melhorar o desempenho e sua experi\u00eancia em nosso site, utilizamos cookies, devendo ser consideradas as seguintes defini\u00e7\u00f5es acerca desta Pol\u00edtica: COOKIES \u2013 S\u00e3o arquivos de texto criados pelo site e armazenados no dispositivo que acessa a plataforma. (notebooks, tablets, smartphones, etc. ). Quando a condi\u00e7\u00e3o de \u201cpermiss\u00e3o\u201d estiver habilitada, o armazenamento de cookies ocorrer\u00e1 de forma autom\u00e1tica. Estes pequenos pacotes de dados visam identificar e coletar as informa\u00e7\u00f5es do USU\u00c1RIO para aprimorar os servi\u00e7os do nosso site. DADOS: Conjunto de informa\u00e7\u00f5es an\u00f4nimas (ou dados anonimizados) e pessoais. DADOS ANONIMIZADOS: Informa\u00e7\u00f5es isoladas que n\u00e3o permite a identifica\u00e7\u00e3o do USU\u00c1RIO. Incluem a coleta de g\u00eanero, localiza\u00e7\u00e3o, idade, etc. DADOS PESSOAIS: Informa\u00e7\u00f5es da pessoa natural identificada por meio do sistema. Incluem nome, endere\u00e7o, telefone, redes sociais, etc. HIPERLINKS: Um link clic\u00e1vel que pode aparecer no site ou estar disposto em algum conte\u00fado, que direciona o USU\u00c1RIO para outra p\u00e1gina na plataforma ou site externo, seja parceiro ou n\u00e3o. NAVEGA\u00c7\u00c3O: Ato de interagir, pesquisar, adquirir ou consumir algum material ou conte\u00fado em nossa plataforma, site ou aplicativo. USU\u00c1RIO: Visitantes do site que acessem independente do meio a nossa plataforma, site ou aplicativo. Dever\u00e1, necessariamente, ter capacidade legal para aceitar os termos e condi\u00e7\u00f5es da presente Pol\u00edtica de Cookies e demais documentos legais da plataforma. Havendo d\u00favidas acerca de qualquer termo ou palavra empregada nesta Pol\u00edtica de Cookies, o VISITANTE\/ USU\u00c1RIO poder\u00e1 entrar em contato com a plataforma atrav\u00e9s dos nossos canais de comunica\u00e7\u00e3o. 2. Coleta de dados 2.1 \u2013 A coleta de informa\u00e7\u00f5es e dados de nossos USU\u00c1RIOS ocorre na medida em que ele nos fornece, por meio de acesso e uso no site, clics em hiperlinks, intera\u00e7\u00e3o nos aplicativos e servi\u00e7os do site, suas prefer\u00eancias e refer\u00eancias. 2.2 \u2013 Os dados ser\u00e3o coletados: quando o USU\u00c1RIO inserir ou submeter voluntariamente suas informa\u00e7\u00f5es na nossa plataforma ou acessar algum servi\u00e7o oferecido pelo site, tamb\u00e9m poder\u00e1 ocorrer por meio da intera\u00e7\u00e3o e navega\u00e7\u00e3o com o conte\u00fado exposto no website; quando o USU\u00c1RIO inserir ou submeter voluntariamente dados de terceiros no nosso site, uma vez declarada a autoriza\u00e7\u00e3o da utiliza\u00e7\u00e3o desses dados perante o site; quando n\u00e3o necessariamente utilizar-se-\u00e1 a a\u00e7\u00e3o do USU\u00c1RIO, uma vez que a automatiza\u00e7\u00e3o do sistema se responsabiliza pela coleta de dados dispon\u00edveis por meio dos Cookies; por meio de parceiros que tenham sido autorizados pelos nossos USU\u00c1RIOS a compartilharem seus dados conosco. 2.3 \u2013 As informa\u00e7\u00f5es coletadas podem incluir, n\u00e3o se limitando, os seguintes dados: nome; g\u00eanero; endere\u00e7o (por meio da geolocaliza\u00e7\u00e3o); endere\u00e7o de IP; endere\u00e7o de e-mail; dados banc\u00e1rios (cart\u00f5es de cr\u00e9dito, por exemplo.); n\u00fameros de documentos (CPF, Carteira de Identidade, etc.) data de nascimento; informa\u00e7\u00f5es de pagamento; agenda de contatos; dados biom\u00e9tricos; links, hiperlinks e servi\u00e7os clicados, etc. 2.4 \u2013 Os demais dados que podem ser objeto de coleta est\u00e3o dispostos, tamb\u00e9m, na Pol\u00edtica de Privacidade. 2.5 \u2013 Os cookies utilizados pelo nosso site e aplica\u00e7\u00f5es est\u00e3o condicionados \u00e0 validade de sua coleta: Cookies de sess\u00e3o: permanece com o site at\u00e9 o mesmo ser fechado. As informa\u00e7\u00f5es coletadas permitem a identifica\u00e7\u00e3o de problemas e visam o fornecer melhores experi\u00eancias aos USU\u00c1RIOS. Cookies permanentes: mesmo ap\u00f3s o fechamento da plataforma, esses cookies ainda ficar\u00e3o armazenados na mem\u00f3ria do navegador de internet do dispositivo que voc\u00ea est\u00e1 acessando. S\u00e3o utilizados cada vez que o utilizador visita o website para orientar a navega\u00e7\u00e3o de acordo com as prefer\u00eancias pessoais, que s\u00e3o recolhidas atrav\u00e9s destes cookies. 2.6 \u2013 Os cookies utilizado podem ser tanto de titularidade pr\u00f3pria, possuindo, a plataforma, total controle sobre os cookies; ou de titularidade de terceiros, inclu\u00eddos nos dispositivos dos USU\u00c1RIOS por meio dos sites, plataformas, hiperlinks, servi\u00e7os e fun\u00e7\u00f5es que possu\u00edmos parceria. 3. Finalidade da coleta de Cookies: 3.1 \u2013 Nossos cookies possuem diferentes fun\u00e7\u00f5es e finalidades, a seguir listamos os tipos que podem ser utilizados no nosso site. a) cookies essenciais: necess\u00e1rios para que a plataforma funcione corretamente e forne\u00e7a, perfeitamente, os servi\u00e7os que est\u00e3o dispon\u00edveis aos nossos USU\u00c1RIOS. Sendo que, sob pena do mau funcionamento da plataforma, o website n\u00e3o ser\u00e1 capaz de prestar, com efici\u00eancia, todas as ferramentas ou recursos a ele associado. b) cookies de performance: respons\u00e1vel por coletar informa\u00e7\u00f5es an\u00f4nimas sobre como os USU\u00c1RIOS usam e interagem com a plataforma e com as ferramentas fornecidas. c) cookies de funcionalidade: associados \u00e0 mem\u00f3ria dos dados fornecidos, estes cookies permitem que a plataforma lembre das eventuais escolhas feitas pelo USU\u00c1RIO, o direcionando \u00e0s fun\u00e7\u00f5es que o mesmo pode vir a optar. \u00c9 respons\u00e1vel por proporcionar melhores experi\u00eancias e garantir praticidade ao USU\u00c1RIO. Essas informa\u00e7\u00f5es tamb\u00e9m podem estar associadas aos dados anonimizados, que n\u00e3o ir\u00e3o rastrear a atividade do USU\u00c1RIO fora do espa\u00e7o da plataforma. d) cookies anal\u00edticos: utilizamos estes cookies com a funcionalidade de monitorar e analisar com nossos USU\u00c1RIOS usam as ferramentas e as funcionalidades da plataforma. Nos permitindo verificar eventuais falhas no site e proporcionar praticidade e customiza\u00e7\u00e3o para os USU\u00c1RIOS. Al\u00e9m disso, baseados nesses cookies, podemos destacar os principais servi\u00e7os ou artigos que pensamos ser de maior interesse de nossos USU\u00c1RIOS. e) cookies de publicidade: semelhante \u00e0 coleta anterior, esses cookies visam direcionar a publicidade da plataforma em fun\u00e7\u00e3o das escolhas e das prefer\u00eancias de nossos USU\u00c1RIOS, verificando o n\u00famero de visitas, n\u00famero de intera\u00e7\u00e3o e qualidade desta. Estes cookies ajudam a plataforma ____ [mencionar o nome da plataforma\/ site] a dimensionar a efic\u00e1cia de sua publicidade. f) cookies de seguran\u00e7a: evitando que os dados de nossos USU\u00c1RIOS estejam vulner\u00e1veis a ataques maliciosos de terceiros,<\/p>","protected":false},"author":2,"featured_media":0,"parent":0,"menu_order":0,"comment_status":"closed","ping_status":"closed","template":"","meta":{"site-sidebar-layout":"no-sidebar","site-content-layout":"","ast-site-content-layout":"full-width-container","site-content-style":"default","site-sidebar-style":"default","ast-global-header-display":"","ast-banner-title-visibility":"","ast-main-header-display":"","ast-hfb-above-header-display":"","ast-hfb-below-header-display":"","ast-hfb-mobile-header-display":"","site-post-title":"disabled","ast-breadcrumbs-content":"","ast-featured-img":"disabled","footer-sml-layout":"","theme-transparent-header-meta":"","adv-header-id-meta":"","stick-header-meta":"","header-above-stick-meta":"","header-main-stick-meta":"","header-below-stick-meta":"","astra-migrate-meta-layouts":"default","ast-page-background-enabled":"default","ast-page-background-meta":{"desktop":{"background-color":"var(--ast-global-color-4)","background-image":"","background-repeat":"repeat","background-position":"center center","background-size":"auto","background-attachment":"scroll","background-type":"","background-media":"","overlay-type":"","overlay-color":"","overlay-opacity":"","overlay-gradient":""},"tablet":{"background-color":"","background-image":"","background-repeat":"repeat","background-position":"center center","background-size":"auto","background-attachment":"scroll","background-type":"","background-media":"","overlay-type":"","overlay-color":"","overlay-opacity":"","overlay-gradient":""},"mobile":{"background-color":"","background-image":"","background-repeat":"repeat","background-position":"center center","background-size":"auto","background-attachment":"scroll","background-type":"","background-media":"","overlay-type":"","overlay-color":"","overlay-opacity":"","overlay-gradient":""}},"ast-content-background-meta":{"desktop":{"background-color":"var(--ast-global-color-5)","background-image":"","background-repeat":"repeat","background-position":"center center","background-size":"auto","background-attachment":"scroll","background-type":"","background-media":"","overlay-type":"","overlay-color":"","overlay-opacity":"","overlay-gradient":""},"tablet":{"background-color":"var(--ast-global-color-5)","background-image":"","background-repeat":"repeat","background-position":"center center","background-size":"auto","background-attachment":"scroll","background-type":"","background-media":"","overlay-type":"","overlay-color":"","overlay-opacity":"","overlay-gradient":""},"mobile":{"background-color":"var(--ast-global-color-5)","background-image":"","background-repeat":"repeat","background-position":"center center","background-size":"auto","background-attachment":"scroll","background-type":"","background-media":"","overlay-type":"","overlay-color":"","overlay-opacity":"","overlay-gradient":""}},"footnotes":""},"class_list":["post-569","page","type-page","status-publish","hentry"],"_links":{"self":[{"href":"https:\/\/basetrama.com.br\/en\/wp-json\/wp\/v2\/pages\/569"}],"collection":[{"href":"https:\/\/basetrama.com.br\/en\/wp-json\/wp\/v2\/pages"}],"about":[{"href":"https:\/\/basetrama.com.br\/en\/wp-json\/wp\/v2\/types\/page"}],"author":[{"embeddable":true,"href":"https:\/\/basetrama.com.br\/en\/wp-json\/wp\/v2\/users\/2"}],"replies":[{"embeddable":true,"href":"https:\/\/basetrama.com.br\/en\/wp-json\/wp\/v2\/comments?post=569"}],"version-history":[{"count":43,"href":"https:\/\/basetrama.com.br\/en\/wp-json\/wp\/v2\/pages\/569\/revisions"}],"predecessor-version":[{"id":1038,"href":"https:\/\/basetrama.com.br\/en\/wp-json\/wp\/v2\/pages\/569\/revisions\/1038"}],"wp:attachment":[{"href":"https:\/\/basetrama.com.br\/en\/wp-json\/wp\/v2\/media?parent=569"}],"curies":[{"name":"wp","href":"https:\/\/api.w.org\/{rel}","templated":true}]}}